{"id":10,"date":"2020-03-19T15:54:12","date_gmt":"2020-03-19T15:54:12","guid":{"rendered":"http:\/\/lisdente.makeitdigital.tk\/?page_id=10"},"modified":"2020-07-20T14:34:56","modified_gmt":"2020-07-20T14:34:56","slug":"home","status":"publish","type":"page","link":"https:\/\/www.lisdente.pt\/en\/home\/","title":{"rendered":"Home"},"content":{"rendered":"[vc_row fullwidth=&#8221;true&#8221;][vc_column][mk_revslider id=&#8221;extra-3&#8243;][\/vc_column][\/vc_row][vc_row fullwidth=&#8221;true&#8221; fullwidth_content=&#8221;false&#8221; disable_element=&#8221;yes&#8221; css=&#8221;.vc_custom_1554558925389{background-image: url(https:\/\/extradireccional.pt\/wp-content\/uploads\/2019\/04\/extrad_1-hex-1.png?id=13287) !important;background-position: center !important;background-repeat: no-repeat !important;background-size: contain !important;}&#8221;][vc_column][vc_empty_space height=&#8221;110px&#8221;][vc_row_inner][vc_column_inner width=&#8221;1\/4&#8243;][mk_milestone align=&#8221;center&#8221; stop=&#8221;2008&#8243; speed=&#8221;1578&#8243; text_color=&#8221;#4b565c&#8221; text_size=&#8221;90&#8243; font_family=&#8221;none&#8221; font_weight=&#8221;bold&#8221;][\/vc_column_inner][vc_column_inner width=&#8221;3\/4&#8243;][vc_empty_space height=&#8221;29px&#8221;][mk_fancy_title size=&#8221;38&#8243; font_weight=&#8221;400&#8243; txt_transform=&#8221;none&#8221; margin_bottom=&#8221;0&#8243; font_family=&#8221;none&#8221;]foi o ano em que come\u00e7\u00e1mos a dinamizar<br \/>\na sinal\u00e9tica direcional em Portugal.[\/mk_fancy_title][\/vc_column_inner][\/vc_row_inner][vc_empty_space height=&#8221;90px&#8221;][\/vc_column][\/vc_row][vc_row fullwidth=&#8221;true&#8221; fullwidth_content=&#8221;false&#8221; disable_element=&#8221;yes&#8221; css=&#8221;.vc_custom_1585312122014{background-image: url(https:\/\/extradireccional.pt\/wp-content\/uploads\/2019\/04\/fundo_hex_3.jpg?id=13327) !important;background-position: center !important;background-repeat: no-repeat !important;background-size: cover !important;}&#8221;][vc_column][mk_image src=&#8221;https:\/\/extradireccional.pt\/wp-content\/uploads\/2019\/04\/sombra_4_a.png&#8221; image_size=&#8221;full&#8221; align=&#8221;center&#8221;][vc_empty_space height=&#8221;80px&#8221;][vc_row_inner][vc_column_inner width=&#8221;1\/4&#8243;][mk_milestone align=&#8221;center&#8221; stop=&#8221;2008&#8243; speed=&#8221;1578&#8243; text_color=&#8221;#4b565c&#8221; text_size=&#8221;90&#8243; font_family=&#8221;none&#8221; font_weight=&#8221;bold&#8221;][\/vc_column_inner][vc_column_inner width=&#8221;3\/4&#8243;][vc_empty_space height=&#8221;29px&#8221;][mk_fancy_title size=&#8221;38&#8243; font_weight=&#8221;400&#8243; txt_transform=&#8221;none&#8221; margin_bottom=&#8221;0&#8243; font_family=&#8221;none&#8221;]foi o ano em que come\u00e7\u00e1mos a dinamizar<br \/>\na sinal\u00e9tica direcional em Portugal[\/mk_fancy_title][\/vc_column_inner][\/vc_row_inner][vc_empty_space height=&#8221;140px&#8221;][\/vc_column][\/vc_row][vc_row fullwidth=&#8221;true&#8221; disable_element=&#8221;yes&#8221; css=&#8221;.vc_custom_1554558732312{background-color: #4b565c !important;}&#8221;][vc_column][mk_image src=&#8221;https:\/\/extradireccional.pt\/wp-content\/uploads\/2019\/03\/extrad_1_1.jpg&#8221; image_size=&#8221;full&#8221; align=&#8221;center&#8221; margin_bottom=&#8221;0&#8243;][\/vc_column][\/vc_row][vc_row fullwidth=&#8221;true&#8221; disable_element=&#8221;yes&#8221; css=&#8221;.vc_custom_1555026022855{background: #4b565c url(https:\/\/extradireccional.pt\/wp-content\/uploads\/2019\/04\/extrad_1-hex-esc-1.png?id=13290) !important;background-position: center !important;background-repeat: no-repeat !important;background-size: contain !important;}&#8221;][vc_column][mk_image src=&#8221;https:\/\/extradireccional.pt\/wp-content\/uploads\/2019\/04\/sombra_4_a.png&#8221; image_size=&#8221;full&#8221; align=&#8221;center&#8221;][vc_empty_space height=&#8221;40px&#8221;][mk_fancy_title color=&#8221;#b1e3fa&#8221; size=&#8221;18&#8243; font_weight=&#8221;bold&#8221; txt_transform=&#8221;uppercase&#8221; margin_bottom=&#8221;0&#8243; font_family=&#8221;none&#8221; align=&#8221;center&#8221;]<span style=\"color: #b1e3fa;\">Em conjunto, encontramos as melhores solu\u00e7\u00f5es para:<\/span>[\/mk_fancy_title][mk_fancy_title color=&#8221;#ffffff&#8221; size=&#8221;38&#8243; font_weight=&#8221;300&#8243; txt_transform=&#8221;none&#8221; margin_bottom=&#8221;0&#8243; font_family=&#8221;none&#8221; align=&#8221;center&#8221;]<span style=\"color: #ffffff;\">Sinal\u00e9tica Direcional<\/span><br \/>\n<span style=\"color: #ffffff;\">Outdoors \u2022 Empenas \u2022 Pend\u00f5es<\/span>[\/mk_fancy_title][vc_empty_space height=&#8221;17px&#8221;][mk_button_gradient size=&#8221;large&#8221; corner_style=&#8221;rounded&#8221; grandient_color_from=&#8221;#00b7ef&#8221; grandient_color_to=&#8221;#0077be&#8221; grandient_color_angle=&#8221;diagonal_left_bottom&#8221; grandient_color_fallback=&#8221;#0077be&#8221; url=&#8221;https:\/\/extradireccional.pt\/contactos\/&#8221; align=&#8221;center&#8221; button_custom_width=&#8221;310&#8243; margin_bottom=&#8221;0&#8243; margin_right=&#8221;0&#8243; animation=&#8221;scale-up&#8221;]contacte-nos[\/mk_button_gradient][vc_empty_space height=&#8221;52px&#8221;][vc_single_image image=&#8221;13356&#8243; img_size=&#8221;full&#8221; alignment=&#8221;center&#8221; css=&#8221;.vc_custom_1554559312786{margin-bottom: 0px !important;}&#8221;][\/vc_column][\/vc_row][vc_row fullwidth=&#8221;true&#8221; css=&#8221;.vc_custom_1554559519322{background: #4b565c url(https:\/\/extradireccional.pt\/wp-content\/uploads\/2019\/04\/extrad_1-hex-esc-1.png?id=13290) !important;background-position: center !important;background-repeat: no-repeat !important;background-size: contain !important;}&#8221;][vc_column][mk_image src=&#8221;https:\/\/extradireccional.pt\/wp-content\/uploads\/2019\/04\/sombra_4_a.png&#8221; image_size=&#8221;full&#8221; align=&#8221;center&#8221;][vc_empty_space height=&#8221;40px&#8221;][mk_fancy_title color=&#8221;#ffffff&#8221; size=&#8221;38&#8243; font_weight=&#8221;300&#8243; txt_transform=&#8221;none&#8221; margin_bottom=&#8221;0&#8243; font_family=&#8221;none&#8221; align=&#8221;center&#8221;]<span style=\"color: #ffffff;\">As melhores solu\u00e7\u00f5es de mercado<\/span><br \/>\n<span style=\"color: #ffffff;\">para o ramo de &#8230;<\/span>[\/mk_fancy_title][vc_empty_space height=&#8221;17px&#8221;][mk_button_gradient size=&#8221;large&#8221; corner_style=&#8221;rounded&#8221; grandient_color_from=&#8221;#00b7ef&#8221; grandient_color_to=&#8221;#0077be&#8221; grandient_color_angle=&#8221;diagonal_left_bottom&#8221; grandient_color_fallback=&#8221;#0077be&#8221; url=&#8221;contactos&#8221; align=&#8221;center&#8221; button_custom_width=&#8221;310&#8243; margin_bottom=&#8221;0&#8243; margin_right=&#8221;0&#8243; animation=&#8221;scale-up&#8221;]contacte-nos[\/mk_button_gradient][vc_empty_space height=&#8221;52px&#8221;][vc_single_image image=&#8221;13356&#8243; img_size=&#8221;full&#8221; alignment=&#8221;center&#8221; css=&#8221;.vc_custom_1554559312786{margin-bottom: 0px !important;}&#8221;][\/vc_column][\/vc_row][vc_row][vc_column width=&#8221;1\/2&#8243;][vc_row_inner][vc_column_inner el_class=&#8221;two-services&#8221; width=&#8221;1\/2&#8243; css=&#8221;.vc_custom_1585326568952{padding-right: 0px !important;padding-left: 0px !important;}&#8221;][vc_single_image image=&#8221;29&#8243; img_size=&#8221;full&#8221; alignment=&#8221;center&#8221; css=&#8221;.vc_custom_1585326455677{margin-bottom: 18px !important;}&#8221;][mk_fancy_title margin_bottom=&#8221;0&#8243; font_family=&#8221;none&#8221;]<b>Servi\u00e7o 1<\/b>[\/mk_fancy_title][vc_column_text css=&#8221;.vc_custom_1585237028893{margin-bottom: 0px !important;}&#8221;]Texto de exemplo que ir\u00e1 representar o servi\u00e7o.<br \/>\nTexto representativo do servi\u00e7o.[\/vc_column_text][mk_button dimension=&#8221;outline&#8221; align=&#8221;center&#8221; fullwidth=&#8221;true&#8221; margin_right=&#8221;0&#8243; outline_skin=&#8221;custom&#8221; outline_active_color=&#8221;#d1a905&#8243; outline_active_text_color=&#8221;#d1a905&#8243; outline_hover_color=&#8221;#ffffff&#8221;]SAIBA MAIS[\/mk_button][\/vc_column_inner][vc_column_inner el_class=&#8221;two-services&#8221; width=&#8221;1\/2&#8243; css=&#8221;.vc_custom_1585326573565{padding-right: 0px !important;padding-left: 0px !important;}&#8221;][vc_single_image image=&#8221;29&#8243; img_size=&#8221;full&#8221; alignment=&#8221;center&#8221; css=&#8221;.vc_custom_1585326455677{margin-bottom: 18px !important;}&#8221;][mk_fancy_title margin_bottom=&#8221;0&#8243; font_family=&#8221;none&#8221;]<b>Servi\u00e7o 1<\/b>[\/mk_fancy_title][vc_column_text css=&#8221;.vc_custom_1585237032965{margin-bottom: 0px !important;}&#8221;]Texto de exemplo que ir\u00e1 representar o servi\u00e7o.<br \/>\nTexto representativo do servi\u00e7o.[\/vc_column_text][mk_button dimension=&#8221;outline&#8221; align=&#8221;center&#8221; fullwidth=&#8221;true&#8221; margin_right=&#8221;0&#8243; outline_skin=&#8221;custom&#8221; outline_active_color=&#8221;#ca7158&#8243; outline_active_text_color=&#8221;#ca7158&#8243; outline_hover_color=&#8221;#ffffff&#8221;]SAIBA MAIS[\/mk_button][\/vc_column_inner][\/vc_row_inner][vc_row_inner][vc_column_inner el_class=&#8221;two-services&#8221; width=&#8221;1\/2&#8243; css=&#8221;.vc_custom_1585326526136{padding-right: 0px !important;padding-left: 0px !important;}&#8221;][vc_single_image image=&#8221;29&#8243; img_size=&#8221;full&#8221; alignment=&#8221;center&#8221; css=&#8221;.vc_custom_1585326455677{margin-bottom: 18px !important;}&#8221;][mk_fancy_title margin_bottom=&#8221;0&#8243; font_family=&#8221;none&#8221;]<b>Servi\u00e7o 1<\/b>[\/mk_fancy_title][vc_column_text css=&#8221;.vc_custom_1585237028893{margin-bottom: 0px !important;}&#8221;]Texto de exemplo que ir\u00e1 representar o servi\u00e7o.<br \/>\nTexto representativo do servi\u00e7o.[\/vc_column_text][mk_button dimension=&#8221;outline&#8221; align=&#8221;center&#8221; fullwidth=&#8221;true&#8221; margin_right=&#8221;0&#8243; outline_skin=&#8221;custom&#8221; outline_active_color=&#8221;#d1a905&#8243; outline_active_text_color=&#8221;#d1a905&#8243; outline_hover_color=&#8221;#ffffff&#8221;]SAIBA MAIS[\/mk_button][\/vc_column_inner][vc_column_inner el_class=&#8221;two-services&#8221; width=&#8221;1\/2&#8243; css=&#8221;.vc_custom_1585326580088{padding-right: 0px !important;padding-left: 0px !important;}&#8221;][vc_single_image image=&#8221;29&#8243; img_size=&#8221;full&#8221; alignment=&#8221;center&#8221; css=&#8221;.vc_custom_1585326455677{margin-bottom: 18px !important;}&#8221;][mk_fancy_title margin_bottom=&#8221;0&#8243; font_family=&#8221;none&#8221;]<b>Servi\u00e7o 1<\/b>[\/mk_fancy_title][vc_column_text css=&#8221;.vc_custom_1585237032965{margin-bottom: 0px !important;}&#8221;]Texto de exemplo que ir\u00e1 representar o servi\u00e7o.<br \/>\nTexto representativo do servi\u00e7o.[\/vc_column_text][mk_button dimension=&#8221;outline&#8221; align=&#8221;center&#8221; fullwidth=&#8221;true&#8221; margin_right=&#8221;0&#8243; outline_skin=&#8221;custom&#8221; outline_active_color=&#8221;#ca7158&#8243; outline_active_text_color=&#8221;#ca7158&#8243; outline_hover_color=&#8221;#ffffff&#8221;]SAIBA MAIS[\/mk_button][\/vc_column_inner][\/vc_row_inner][vc_empty_space][\/vc_column][vc_column width=&#8221;1\/2&#8243; el_class=&#8221;one-form&#8221; css=&#8221;.vc_custom_1585324575737{margin-top: 15px !important;}&#8221;][dhvc_form id=&#8221;47&#8243;][\/vc_column][\/vc_row][vc_row fullwidth=&#8221;true&#8221; disable_element=&#8221;yes&#8221; css=&#8221;.vc_custom_1554558741056{background-color: #4b565c !important;}&#8221;][vc_column][mk_image src=&#8221;https:\/\/extradireccional.pt\/wp-content\/uploads\/2019\/03\/extrad_1_2.jpg&#8221; image_size=&#8221;full&#8221; align=&#8221;center&#8221; margin_bottom=&#8221;0&#8243;][\/vc_column][\/vc_row][vc_row css=&#8221;.vc_custom_1552781533192{background-color: #ffffff !important;}&#8221;][vc_column][vc_empty_space height=&#8221;85px&#8221;][mk_fancy_title color=&#8221;#b1e3fa&#8221; size=&#8221;18&#8243; font_weight=&#8221;900&#8243; txt_transform=&#8221;uppercase&#8221; margin_bottom=&#8221;0&#8243; font_family=&#8221;none&#8221; align=&#8221;center&#8221;]<span style=\"color: #0077be;\">Os nossos parceiros e clientes:<\/span>[\/mk_fancy_title][vc_empty_space height=&#8221;17px&#8221;][vc_row_inner attached=&#8221;true&#8221; css=&#8221;.vc_custom_1552782858161{margin-top: 0px !important;margin-bottom: 0px !important;}&#8221;][vc_column_inner width=&#8221;1\/6&#8243;][mk_image src=&#8221;https:\/\/extradireccional.pt\/wp-content\/uploads\/2015\/01\/leroy_merlin.png&#8221; image_width=&#8221;178&#8243; image_height=&#8221;120&#8243; align=&#8221;center&#8221; margin_bottom=&#8221;0&#8243; el_class=&#8221;imagebw&#8221;][\/vc_column_inner][vc_column_inner width=&#8221;1\/6&#8243;][mk_image src=&#8221;https:\/\/extradireccional.pt\/wp-content\/uploads\/2019\/03\/logo_lidl.png&#8221; image_width=&#8221;178&#8243; image_height=&#8221;120&#8243; align=&#8221;center&#8221; margin_bottom=&#8221;0&#8243; el_class=&#8221;imagebw&#8221;][\/vc_column_inner][vc_column_inner width=&#8221;1\/6&#8243;][mk_image src=&#8221;https:\/\/extradireccional.pt\/wp-content\/uploads\/2019\/03\/brico_depot.png&#8221; image_width=&#8221;178&#8243; image_height=&#8221;120&#8243; align=&#8221;center&#8221; margin_bottom=&#8221;0&#8243; el_class=&#8221;imagebw&#8221;][\/vc_column_inner][vc_column_inner width=&#8221;1\/6&#8243;][mk_image src=&#8221;https:\/\/extradireccional.pt\/wp-content\/uploads\/2019\/03\/decathlon.png&#8221; image_width=&#8221;178&#8243; image_height=&#8221;120&#8243; align=&#8221;center&#8221; margin_bottom=&#8221;0&#8243; el_class=&#8221;imagebw&#8221;][\/vc_column_inner][vc_column_inner width=&#8221;1\/6&#8243;][mk_image src=&#8221;https:\/\/extradireccional.pt\/wp-content\/uploads\/2019\/03\/aki.png&#8221; image_width=&#8221;178&#8243; image_height=&#8221;120&#8243; align=&#8221;center&#8221; margin_bottom=&#8221;0&#8243; el_class=&#8221;imagebw&#8221;][\/vc_column_inner][vc_column_inner width=&#8221;1\/6&#8243;][mk_image src=&#8221;https:\/\/extradireccional.pt\/wp-content\/uploads\/2019\/03\/holmes_place.png&#8221; image_width=&#8221;178&#8243; image_height=&#8221;120&#8243; align=&#8221;center&#8221; margin_bottom=&#8221;0&#8243; el_class=&#8221;imagebw&#8221;][\/vc_column_inner][\/vc_row_inner][vc_row_inner attached=&#8221;true&#8221; css=&#8221;.vc_custom_1552782858161{margin-top: 0px !important;margin-bottom: 0px !important;}&#8221;][vc_column_inner width=&#8221;1\/6&#8243;][mk_image src=&#8221;https:\/\/extradireccional.pt\/wp-content\/uploads\/2019\/03\/sonae.png&#8221; image_width=&#8221;178&#8243; image_height=&#8221;120&#8243; align=&#8221;center&#8221; margin_bottom=&#8221;0&#8243; el_class=&#8221;imagebw&#8221;][\/vc_column_inner][vc_column_inner width=&#8221;1\/6&#8243;][mk_image src=&#8221;https:\/\/extradireccional.pt\/wp-content\/uploads\/2019\/03\/santarem_retail_park.png&#8221; image_width=&#8221;178&#8243; image_height=&#8221;120&#8243; align=&#8221;center&#8221; margin_bottom=&#8221;0&#8243; el_class=&#8221;imagebw&#8221;][\/vc_column_inner][vc_column_inner width=&#8221;1\/6&#8243;][mk_image src=&#8221;https:\/\/extradireccional.pt\/wp-content\/uploads\/2019\/03\/roady.png&#8221; image_width=&#8221;178&#8243; image_height=&#8221;120&#8243; align=&#8221;center&#8221; margin_bottom=&#8221;0&#8243; el_class=&#8221;imagebw&#8221;][\/vc_column_inner][vc_column_inner width=&#8221;1\/6&#8243;][mk_image src=&#8221;https:\/\/extradireccional.pt\/wp-content\/uploads\/2019\/03\/omnicom.png&#8221; image_width=&#8221;178&#8243; image_height=&#8221;120&#8243; align=&#8221;center&#8221; margin_bottom=&#8221;0&#8243; el_class=&#8221;imagebw&#8221;][\/vc_column_inner][vc_column_inner width=&#8221;1\/6&#8243;][mk_image src=&#8221;https:\/\/extradireccional.pt\/wp-content\/uploads\/2019\/03\/logo_torresshopping.png&#8221; image_width=&#8221;178&#8243; image_height=&#8221;120&#8243; align=&#8221;center&#8221; margin_bottom=&#8221;0&#8243; el_class=&#8221;imagebw&#8221;][\/vc_column_inner][vc_column_inner width=&#8221;1\/6&#8243;][mk_image src=&#8221;https:\/\/extradireccional.pt\/wp-content\/uploads\/2019\/03\/logo_sana.png&#8221; image_width=&#8221;178&#8243; image_height=&#8221;120&#8243; align=&#8221;center&#8221; margin_bottom=&#8221;0&#8243; el_class=&#8221;imagebw&#8221;][\/vc_column_inner][\/vc_row_inner][vc_row_inner attached=&#8221;true&#8221; css=&#8221;.vc_custom_1552782858161{margin-top: 0px !important;margin-bottom: 0px !important;}&#8221;][vc_column_inner width=&#8221;1\/6&#8243;][mk_image src=&#8221;https:\/\/extradireccional.pt\/wp-content\/uploads\/2019\/03\/logo_forum_sintra.png&#8221; image_width=&#8221;178&#8243; image_height=&#8221;120&#8243; align=&#8221;center&#8221; margin_bottom=&#8221;0&#8243; el_class=&#8221;imagebw&#8221;][\/vc_column_inner][vc_column_inner width=&#8221;1\/6&#8243;][mk_image src=&#8221;https:\/\/extradireccional.pt\/wp-content\/uploads\/2019\/03\/logo_feuvert.png&#8221; image_width=&#8221;178&#8243; image_height=&#8221;120&#8243; align=&#8221;center&#8221; margin_bottom=&#8221;0&#8243; el_class=&#8221;imagebw&#8221;][\/vc_column_inner][vc_column_inner width=&#8221;1\/6&#8243;][mk_image src=&#8221;https:\/\/extradireccional.pt\/wp-content\/uploads\/2019\/03\/logo_continente.png&#8221; image_width=&#8221;178&#8243; image_height=&#8221;120&#8243; align=&#8221;center&#8221; margin_bottom=&#8221;0&#8243; el_class=&#8221;imagebw&#8221;][\/vc_column_inner][vc_column_inner width=&#8221;1\/6&#8243;][mk_image src=&#8221;https:\/\/extradireccional.pt\/wp-content\/uploads\/2019\/03\/jumbo.png&#8221; image_width=&#8221;178&#8243; image_height=&#8221;120&#8243; align=&#8221;center&#8221; margin_bottom=&#8221;0&#8243; el_class=&#8221;imagebw&#8221;][\/vc_column_inner][vc_column_inner width=&#8221;1\/6&#8243;][mk_image src=&#8221;https:\/\/extradireccional.pt\/wp-content\/uploads\/2019\/03\/havas.png&#8221; image_width=&#8221;178&#8243; image_height=&#8221;120&#8243; align=&#8221;center&#8221; margin_bottom=&#8221;0&#8243; el_class=&#8221;imagebw&#8221;][\/vc_column_inner][vc_column_inner width=&#8221;1\/6&#8243;][mk_image src=&#8221;https:\/\/extradireccional.pt\/wp-content\/uploads\/2019\/03\/carglass.png&#8221; image_width=&#8221;178&#8243; image_height=&#8221;120&#8243; align=&#8221;center&#8221; margin_bottom=&#8221;0&#8243; el_class=&#8221;imagebw&#8221;][\/vc_column_inner][\/vc_row_inner][vc_empty_space height=&#8221;60px&#8221;][\/vc_column][\/vc_row][vc_row fullwidth=&#8221;true&#8221; disable_element=&#8221;yes&#8221; id=&#8221;contacto&#8221;][vc_column][mk_image src=&#8221;https:\/\/extradireccional.pt\/wp-content\/uploads\/2019\/03\/extrad_1_title.jpg&#8221; image_size=&#8221;full&#8221; align=&#8221;center&#8221;][\/vc_column][\/vc_row][vc_row fullwidth=&#8221;true&#8221; disable_element=&#8221;yes&#8221; id=&#8221;contacto&#8221; css=&#8221;.vc_custom_1554569308776{background-image: url(https:\/\/extradireccional.pt\/wp-content\/uploads\/2019\/04\/extrad_1-hex-3.png?id=13289) !important;background-position: center !important;background-repeat: no-repeat !important;background-size: cover !important;}&#8221;][vc_column][mk_image src=&#8221;https:\/\/extradireccional.pt\/wp-content\/uploads\/2019\/04\/sombra_3_a-azul.png&#8221; image_size=&#8221;full&#8221; align=&#8221;center&#8221;][vc_empty_space height=&#8221;40px&#8221;][mk_fancy_title color=&#8221;#b1e3fa&#8221; size=&#8221;23&#8243; font_weight=&#8221;bold&#8221; txt_transform=&#8221;uppercase&#8221; margin_bottom=&#8221;0&#8243; font_family=&#8221;none&#8221; align=&#8221;center&#8221;]<span style=\"color: #0077be;\">Fale-nos do seu projeto. Contacte-nos:<\/span>[\/mk_fancy_title][vc_empty_space height=&#8221;40px&#8221;][vc_row_inner][vc_column_inner width=&#8221;1\/4&#8243;][\/vc_column_inner][vc_column_inner width=&#8221;3\/4&#8243;][contact-form-7 id=&#8221;9039&#8243;][\/vc_column_inner][\/vc_row_inner][vc_empty_space height=&#8221;40px&#8221;][\/vc_column][\/vc_row]\n","protected":false},"excerpt":{"rendered":"<p>[vc_row fullwidth=&#8221;true&#8221;][vc_column][mk_revslider id=&#8221;extra-3&#8243;][\/vc_column][\/vc_row][vc_row fullwidth=&#8221;true&#8221; fullwidth_content=&#8221;false&#8221; disable_element=&#8221;yes&#8221; css=&#8221;.vc_custom_1554558925389{background-image: url(https:\/\/extradireccional.pt\/wp-content\/uploads\/2019\/04\/extrad_1-hex-1.png?id=13287) !important;background-position: center !important;background-repeat: no-repeat !important;background-size: contain !important;}&#8221;][vc_column][vc_empty_space height=&#8221;110px&#8221;][vc_row_inner][vc_column_inner width=&#8221;1\/4&#8243;][mk_milestone align=&#8221;center&#8221; stop=&#8221;2008&#8243; speed=&#8221;1578&#8243; text_color=&#8221;#4b565c&#8221; text_size=&#8221;90&#8243; font_family=&#8221;none&#8221; font_weight=&#8221;bold&#8221;][\/vc_column_inner][vc_column_inner width=&#8221;3\/4&#8243;][vc_empty_space height=&#8221;29px&#8221;][mk_fancy_title size=&#8221;38&#8243; font_weight=&#8221;400&#8243; txt_transform=&#8221;none&#8221; margin_bottom=&#8221;0&#8243; font_family=&#8221;none&#8221;]foi o ano em que come\u00e7\u00e1mos a dinamizar a sinal\u00e9tica direcional em Portugal.[\/mk_fancy_title][\/vc_column_inner][\/vc_row_inner][vc_empty_space height=&#8221;90px&#8221;][\/vc_column][\/vc_row][vc_row fullwidth=&#8221;true&#8221; fullwidth_content=&#8221;false&#8221; disable_element=&#8221;yes&#8221; css=&#8221;.vc_custom_1585312122014{background-image: url(https:\/\/extradireccional.pt\/wp-content\/uploads\/2019\/04\/fundo_hex_3.jpg?id=13327) !important;background-position: center !important;background-repeat: no-repeat !important;background-size: cover [&hellip;]<\/p>\n","protected":false},"author":1,"featured_media":0,"parent":0,"menu_order":0,"comment_status":"closed","ping_status":"closed","template":"","meta":[],"yoast_head":"<!-- This site is optimized with the Yoast SEO plugin v15.9 - https:\/\/yoast.com\/wordpress\/plugins\/seo\/ -->\n<title>Lisdente | Material Dent\u00e1rio | Produtos para pr\u00f3tese e medicina dent\u00e1ria<\/title>\n<meta name=\"description\" content=\"Fundada em 1987, a Lisdente disp\u00f5e de todo o tipo de materiais e produtos para cl\u00ednicas dent\u00e1rias e laborat\u00f3rios de pr\u00f3tese.\" \/>\n<meta name=\"robots\" content=\"index, follow, max-snippet:-1, max-image-preview:large, max-video-preview:-1\" \/>\n<link rel=\"canonical\" href=\"https:\/\/lisdente.pt\/home\/\" \/>\n<meta property=\"og:locale\" content=\"en_GB\" \/>\n<meta property=\"og:type\" content=\"article\" \/>\n<meta property=\"og:title\" content=\"Lisdente | Material Dent\u00e1rio | Produtos para pr\u00f3tese e medicina dent\u00e1ria\" \/>\n<meta property=\"og:description\" content=\"Fundada em 1987, a Lisdente disp\u00f5e de todo o tipo de materiais e produtos para cl\u00ednicas dent\u00e1rias e laborat\u00f3rios de pr\u00f3tese.\" \/>\n<meta property=\"og:url\" content=\"https:\/\/lisdente.pt\/home\/\" \/>\n<meta property=\"og:site_name\" content=\"Lisdente\" \/>\n<meta property=\"article:modified_time\" content=\"2020-07-20T14:34:56+00:00\" \/>\n<meta name=\"twitter:card\" content=\"summary_large_image\" \/>\n<meta name=\"twitter:label1\" content=\"Estimated reading time\">\n\t<meta name=\"twitter:data1\" content=\"10 minutes\">\n<script type=\"application\/ld+json\" class=\"yoast-schema-graph\">{\"@context\":\"https:\/\/schema.org\",\"@graph\":[{\"@type\":\"WebSite\",\"@id\":\"https:\/\/lisdente.pt\/#website\",\"url\":\"https:\/\/lisdente.pt\/\",\"name\":\"Lisdente\",\"description\":\"Empresa portuguesa dedicada \\u00e0 venda de material dent\\u00e1rio.\",\"potentialAction\":[{\"@type\":\"SearchAction\",\"target\":\"https:\/\/lisdente.pt\/?s={search_term_string}\",\"query-input\":\"required name=search_term_string\"}],\"inLanguage\":\"en-EN\"},{\"@type\":\"WebPage\",\"@id\":\"https:\/\/lisdente.pt\/home\/#webpage\",\"url\":\"https:\/\/lisdente.pt\/home\/\",\"name\":\"Lisdente | Material Dent\\u00e1rio | Produtos para pr\\u00f3tese e medicina dent\\u00e1ria\",\"isPartOf\":{\"@id\":\"https:\/\/lisdente.pt\/#website\"},\"datePublished\":\"2020-03-19T15:54:12+00:00\",\"dateModified\":\"2020-07-20T14:34:56+00:00\",\"description\":\"Fundada em 1987, a Lisdente disp\\u00f5e de todo o tipo de materiais e produtos para cl\\u00ednicas dent\\u00e1rias e laborat\\u00f3rios de pr\\u00f3tese.\",\"breadcrumb\":{\"@id\":\"https:\/\/lisdente.pt\/home\/#breadcrumb\"},\"inLanguage\":\"en-EN\",\"potentialAction\":[{\"@type\":\"ReadAction\",\"target\":[\"https:\/\/lisdente.pt\/home\/\"]}]},{\"@type\":\"BreadcrumbList\",\"@id\":\"https:\/\/lisdente.pt\/home\/#breadcrumb\",\"itemListElement\":[{\"@type\":\"ListItem\",\"position\":1,\"item\":{\"@type\":\"WebPage\",\"@id\":\"https:\/\/lisdente.pt\/\",\"url\":\"https:\/\/lisdente.pt\/\",\"name\":\"In\\u00edcio\"}},{\"@type\":\"ListItem\",\"position\":2,\"item\":{\"@type\":\"WebPage\",\"@id\":\"https:\/\/lisdente.pt\/home\/\",\"url\":\"https:\/\/lisdente.pt\/home\/\",\"name\":\"Home\"}}]}]}<\/script>\n<!-- \/ Yoast SEO plugin. -->","_links":{"self":[{"href":"https:\/\/www.lisdente.pt\/en\/wp-json\/wp\/v2\/pages\/10"}],"collection":[{"href":"https:\/\/www.lisdente.pt\/en\/wp-json\/wp\/v2\/pages"}],"about":[{"href":"https:\/\/www.lisdente.pt\/en\/wp-json\/wp\/v2\/types\/page"}],"author":[{"embeddable":true,"href":"https:\/\/www.lisdente.pt\/en\/wp-json\/wp\/v2\/users\/1"}],"replies":[{"embeddable":true,"href":"https:\/\/www.lisdente.pt\/en\/wp-json\/wp\/v2\/comments?post=10"}],"version-history":[{"count":20,"href":"https:\/\/www.lisdente.pt\/en\/wp-json\/wp\/v2\/pages\/10\/revisions"}],"predecessor-version":[{"id":770,"href":"https:\/\/www.lisdente.pt\/en\/wp-json\/wp\/v2\/pages\/10\/revisions\/770"}],"wp:attachment":[{"href":"https:\/\/www.lisdente.pt\/en\/wp-json\/wp\/v2\/media?parent=10"}],"curies":[{"name":"wp","href":"https:\/\/api.w.org\/{rel}","templated":true}]}}